{"id":1252,"date":"2015-10-09T10:11:22","date_gmt":"2015-10-09T10:11:22","guid":{"rendered":"http:\/\/mokas.lt\/?page_id=1252"},"modified":"2018-05-31T07:49:13","modified_gmt":"2018-05-31T07:49:13","slug":"apmokejimu-valdymo-modulis-payment","status":"publish","type":"page","link":"https:\/\/www.mokas.lt\/en\/apmokejimu-valdymo-modulis-payment\/","title":{"rendered":"(Lietuvi\u0173) Apmok\u0117jim\u0173 valdymo modulis Payment"},"content":{"rendered":"<p class=\"qtranxs-available-languages-message qtranxs-available-languages-message-en\">Sorry, this entry is only available in <a href=\"https:\/\/www.mokas.lt\/LT\/wp-json\/wp\/v2\/pages\/1252\" class=\"qtranxs-available-language-link qtranxs-available-language-link-LT\" title=\"Lietuvi\u0173\">Lithuanian<\/a>.<\/p>\n","protected":false},"excerpt":{"rendered":"<p>Sorry, this entry is only available in Lithuanian.<\/p>\n","protected":false},"author":6,"featured_media":0,"parent":0,"menu_order":0,"comment_status":"open","ping_status":"open","template":"","meta":{"footnotes":""},"_links":{"self":[{"href":"https:\/\/www.mokas.lt\/en\/wp-json\/wp\/v2\/pages\/1252"}],"collection":[{"href":"https:\/\/www.mokas.lt\/en\/wp-json\/wp\/v2\/pages"}],"about":[{"href":"https:\/\/www.mokas.lt\/en\/wp-json\/wp\/v2\/types\/page"}],"author":[{"embeddable":true,"href":"https:\/\/www.mokas.lt\/en\/wp-json\/wp\/v2\/users\/6"}],"replies":[{"embeddable":true,"href":"https:\/\/www.mokas.lt\/en\/wp-json\/wp\/v2\/comments?post=1252"}],"version-history":[{"count":9,"href":"https:\/\/www.mokas.lt\/en\/wp-json\/wp\/v2\/pages\/1252\/revisions"}],"predecessor-version":[{"id":1681,"href":"https:\/\/www.mokas.lt\/en\/wp-json\/wp\/v2\/pages\/1252\/revisions\/1681"}],"wp:attachment":[{"href":"https:\/\/www.mokas.lt\/en\/wp-json\/wp\/v2\/media?parent=1252"}],"curies":[{"name":"wp","href":"https:\/\/api.w.org\/{rel}","templated":true}]}}