{"id":1506,"date":"2017-07-13T07:03:32","date_gmt":"2017-07-13T07:03:32","guid":{"rendered":"http:\/\/mokas.lt\/?page_id=1506"},"modified":"2017-09-04T08:35:55","modified_gmt":"2017-09-04T08:35:55","slug":"gamybai","status":"publish","type":"page","link":"https:\/\/www.mokas.lt\/en\/gamybai\/","title":{"rendered":"(Lietuvi\u0173) U\u017eduo\u010di\u0173 valdymas ir laiko apskaita"},"content":{"rendered":"<p class=\"qtranxs-available-languages-message qtranxs-available-languages-message-en\">Sorry, this entry is only available in <a href=\"https:\/\/www.mokas.lt\/LT\/wp-json\/wp\/v2\/pages\/1506\" class=\"qtranxs-available-language-link qtranxs-available-language-link-LT\" title=\"Lietuvi\u0173\">Lithuanian<\/a>.<\/p>\n","protected":false},"excerpt":{"rendered":"<p>Sorry, this entry is only available in Lithuanian.<\/p>\n","protected":false},"author":6,"featured_media":0,"parent":0,"menu_order":0,"comment_status":"closed","ping_status":"closed","template":"","meta":{"footnotes":""},"_links":{"self":[{"href":"https:\/\/www.mokas.lt\/en\/wp-json\/wp\/v2\/pages\/1506"}],"collection":[{"href":"https:\/\/www.mokas.lt\/en\/wp-json\/wp\/v2\/pages"}],"about":[{"href":"https:\/\/www.mokas.lt\/en\/wp-json\/wp\/v2\/types\/page"}],"author":[{"embeddable":true,"href":"https:\/\/www.mokas.lt\/en\/wp-json\/wp\/v2\/users\/6"}],"replies":[{"embeddable":true,"href":"https:\/\/www.mokas.lt\/en\/wp-json\/wp\/v2\/comments?post=1506"}],"version-history":[{"count":7,"href":"https:\/\/www.mokas.lt\/en\/wp-json\/wp\/v2\/pages\/1506\/revisions"}],"predecessor-version":[{"id":1544,"href":"https:\/\/www.mokas.lt\/en\/wp-json\/wp\/v2\/pages\/1506\/revisions\/1544"}],"wp:attachment":[{"href":"https:\/\/www.mokas.lt\/en\/wp-json\/wp\/v2\/media?parent=1506"}],"curies":[{"name":"wp","href":"https:\/\/api.w.org\/{rel}","templated":true}]}}